{"id":807,"date":"2023-01-28T21:53:03","date_gmt":"2023-01-28T21:53:03","guid":{"rendered":"https:\/\/rambo.hr\/frequently-asked-questions\/"},"modified":"2023-01-29T00:31:53","modified_gmt":"2023-01-29T00:31:53","slug":"cesto-postavljana-pitanja","status":"publish","type":"page","link":"https:\/\/rambo.hr\/hr\/cesto-postavljana-pitanja\/","title":{"rendered":"\u010cesto postavljana pitanja"},"content":{"rendered":"<div class=\"wpb-content-wrapper\"><p>[vc_row][vc_column]<div id=\"ultimate-heading-770469e7334bec9e2\" class=\"uvc-heading ult-adjust-bottom-margin ultimate-heading-770469e7334bec9e2 uvc-272 \" data-hspacer=\"no_spacer\"  data-halign=\"center\" style=\"text-align:center\"><div class=\"uvc-heading-spacer no_spacer\" style=\"top\"><\/div><div class=\"uvc-main-heading ult-responsive\"  data-ultimate-target='.uvc-heading.ultimate-heading-770469e7334bec9e2 h1'  data-responsive-json-new='{\"font-size\":\"desktop:30px;\",\"line-height\":\"\"}' ><h1 style=\"--font-weight:theme;\">\u010cesto postavljana pitanja<\/h1><\/div><div class=\"uvc-sub-heading ult-responsive\"  data-ultimate-target='.uvc-heading.ultimate-heading-770469e7334bec9e2 .uvc-sub-heading '  data-responsive-json-new='{\"font-size\":\"\",\"line-height\":\"\"}'  style=\"font-weight:normal;\"><\/p>\n<div class=\"fancy_heading fancy_heading_line\">\n<div class=\"inside\">Sve \u0161to trebate znati o prijevozu gliserom Split \u2013 Hvar<\/div>\n<\/div>\n<div class=\"wpb_text_column wpb_content_element \">\n<div class=\"wpb_wrapper\"><\/div>\n<\/div>\n<p><\/div><\/div>[\/vc_column][\/vc_row][vc_row][vc_column][vc_toggle title=&#8221;1. Kako do\u0107i do Hvara?&#8221;]Najbr\u017ei na\u010din je transfer gliserom. Nakon sto sletite na aerodrom i uzmete prtljagu za 1 sat i 10 min mo\u017eete ve\u0107 biti u hotelu na Hvaru.[\/vc_toggle][vc_toggle title=&#8221;2. Da li postoji jeftinija opcija?&#8221;]Postoji opcija koja je neznatno jeftinija a to je da kad sletite na aerodromu i uzmete prtljagu da putujete taxijem do Splita koji je udaljen 27 km od zra\u010dne luke.<br \/>\nKad do\u0111ete u trajektnu luku mo\u017eete kupiti karte za trajekt koji vozi 3 puta tokom dana, u 8:30 AM, 2:30 PM, 8:30PM. Trajekt vozi 2 sata do Stari Grada.<br \/>\nKad se iskrcate s trajekta opet morate krenuti taxijem do grada Hvara koji je udaljen 25 km. U prosjeku ovaj transfer traje 5-7 s[\/vc_toggle][vc_toggle title=&#8221;3. Ako putujem s Hvara na aerodrom koliko ranije prije polaska aviona moram krenuti?&#8221;]Mi preporu\u010damo polazak 3 sata i 30 minuta prije leta. U tom slu\u010daju sigurno \u0107e te biti 2 sata prije leta na aerodromu.[\/vc_toggle][vc_toggle title=&#8221;4. \u0160to kad sletim na aerodrom kako da na\u0111em moj gliser?&#8221;]Kad sletite na aerodrom na izlazu \u0107e vas \u010dekati nas voza\u010d mini busa s natpisom va\u0161eg imena, on \u0107e vas za 5 min odvesti do glisera koji je udaljen 800 metara. Kad krenete sa gliserom za 60 min ste u Hvaru.[\/vc_toggle][vc_toggle title=&#8221;5. Gdje \u0107e nas gliser iskrcati?&#8221;]Va\u0161em skiperu mo\u017eete reci koji je vas hotel te ukoliko ima pristani\u0161te za brodove on \u0107e vas iskrcati ispred hotela. Ako hotel nema pristani\u0161te iskrcati \u0107emo vas ispred Carpe Diem bara u Hvarskoj luci.[\/vc_toggle][vc_toggle title=&#8221;6.\u0160to ako moj let kasni?&#8221;]Mi pratimo sve dolazne letove i u slu\u010daju da vam let kasni mi \u0107emo vas \u010dekati, nebitno dali je to 30 minuta ili 5 sati.[\/vc_toggle][vc_toggle title=&#8221;7. Povrat novca&#8221;]Rezervaciju mo\u017eete otkazati besplatno 20 dana prije transfera. Povrat sredstava bit \u0107e izvr\u0161en 24 sata nakon zakazanog datuma transfera. Ako otka\u017eete u roku od 20 dana prije transfera, dobit \u0107ete vau\u010der za idu\u0107u sezonu.[\/vc_toggle][vc_toggle title=&#8221;8. \u0160to ako u gu\u017evi na aerodromu ne vidim voza\u010da s natpisom?&#8221;]U tom slu\u010daju nas nazovite na <strong>+385914444880<\/strong> te nam recite gdje ste i on \u0107e do\u0107i po vas.<\/p>\n<p>&nbsp;<\/p>\n<p>&nbsp;<\/p>\n<h2><\/h2>\n<p>[\/vc_toggle][\/vc_column][\/vc_row]<\/p>\n<\/div>","protected":false},"excerpt":{"rendered":"<p>[vc_row][vc_column][\/vc_column][\/vc_row][vc_row][vc_column][vc_toggle title=&#8221;1. Kako do\u0107i do Hvara?&#8221;]Najbr\u017ei na\u010din je transfer gliserom. Nakon sto sletite na aerodrom i uzmete prtljagu za 1 sat i 10 min mo\u017eete ve\u0107 biti u hotelu na Hvaru.[\/vc_toggle][vc_toggle title=&#8221;2. Da li postoji jeftinija opcija?&#8221;]Postoji opcija koja je neznatno jeftinija a to je da kad sletite na aerodromu i uzmete prtljagu da putujete&hellip;<\/p>\n","protected":false},"author":1,"featured_media":0,"parent":0,"menu_order":0,"comment_status":"closed","ping_status":"closed","template":"","meta":{"_monsterinsights_skip_tracking":false,"_monsterinsights_sitenote_active":false,"_monsterinsights_sitenote_note":"","_monsterinsights_sitenote_category":0,"footnotes":""},"class_list":["post-807","page","type-page","status-publish","hentry","description-off"],"yoast_head":"<!-- This site is optimized with the Yoast SEO plugin v27.3 - https:\/\/yoast.com\/product\/yoast-seo-wordpress\/ -->\n<title>\u010cesto postavljana pitanja - Speedboat Transfers<\/title>\n<meta name=\"robots\" content=\"index, follow, max-snippet:-1, max-image-preview:large, max-video-preview:-1\" \/>\n<link rel=\"canonical\" href=\"https:\/\/rambo.hr\/hr\/cesto-postavljana-pitanja\/\" \/>\n<meta property=\"og:locale\" content=\"hr_HR\" \/>\n<meta property=\"og:type\" content=\"article\" \/>\n<meta property=\"og:title\" content=\"\u010cesto postavljana pitanja - Speedboat Transfers\" \/>\n<meta property=\"og:description\" content=\"[vc_row][vc_column][\/vc_column][\/vc_row][vc_row][vc_column][vc_toggle title=&#8221;1. Kako do\u0107i do Hvara?&#8221;]Najbr\u017ei na\u010din je transfer gliserom. Nakon sto sletite na aerodrom i uzmete prtljagu za 1 sat i 10 min mo\u017eete ve\u0107 biti u hotelu na Hvaru.[\/vc_toggle][vc_toggle title=&#8221;2. Da li postoji jeftinija opcija?&#8221;]Postoji opcija koja je neznatno jeftinija a to je da kad sletite na aerodromu i uzmete prtljagu da putujete&hellip;\" \/>\n<meta property=\"og:url\" content=\"https:\/\/rambo.hr\/hr\/cesto-postavljana-pitanja\/\" \/>\n<meta property=\"og:site_name\" content=\"Speedboat Transfers\" \/>\n<meta property=\"article:modified_time\" content=\"2023-01-29T00:31:53+00:00\" \/>\n<meta property=\"og:image\" content=\"https:\/\/rambo.hr\/wp-content\/uploads\/revslider\/slide-1.jpg\" \/>\n\t<meta property=\"og:image:width\" content=\"1240\" \/>\n\t<meta property=\"og:image:height\" content=\"500\" \/>\n\t<meta property=\"og:image:type\" content=\"image\/jpeg\" \/>\n<script type=\"application\/ld+json\" class=\"yoast-schema-graph\">{\"@context\":\"https:\\\/\\\/schema.org\",\"@graph\":[{\"@type\":\"WebPage\",\"@id\":\"https:\\\/\\\/rambo.hr\\\/hr\\\/cesto-postavljana-pitanja\\\/\",\"url\":\"https:\\\/\\\/rambo.hr\\\/hr\\\/cesto-postavljana-pitanja\\\/\",\"name\":\"\u010cesto postavljana pitanja - Speedboat Transfers\",\"isPartOf\":{\"@id\":\"https:\\\/\\\/rambo.hr\\\/#website\"},\"datePublished\":\"2023-01-28T21:53:03+00:00\",\"dateModified\":\"2023-01-29T00:31:53+00:00\",\"breadcrumb\":{\"@id\":\"https:\\\/\\\/rambo.hr\\\/hr\\\/cesto-postavljana-pitanja\\\/#breadcrumb\"},\"inLanguage\":\"hr\",\"potentialAction\":[{\"@type\":\"ReadAction\",\"target\":[\"https:\\\/\\\/rambo.hr\\\/hr\\\/cesto-postavljana-pitanja\\\/\"]}]},{\"@type\":\"BreadcrumbList\",\"@id\":\"https:\\\/\\\/rambo.hr\\\/hr\\\/cesto-postavljana-pitanja\\\/#breadcrumb\",\"itemListElement\":[{\"@type\":\"ListItem\",\"position\":1,\"name\":\"Home\",\"item\":\"https:\\\/\\\/rambo.hr\\\/hr\\\/\"},{\"@type\":\"ListItem\",\"position\":2,\"name\":\"\u010cesto postavljana pitanja\"}]},{\"@type\":\"WebSite\",\"@id\":\"https:\\\/\\\/rambo.hr\\\/#website\",\"url\":\"https:\\\/\\\/rambo.hr\\\/\",\"name\":\"Speedboat Transfers\",\"description\":\"Taxi boat from Split Airport to Hvar town in 1 hour.\",\"publisher\":{\"@id\":\"https:\\\/\\\/rambo.hr\\\/#organization\"},\"alternateName\":\"Rambo Taxi boat\",\"potentialAction\":[{\"@type\":\"SearchAction\",\"target\":{\"@type\":\"EntryPoint\",\"urlTemplate\":\"https:\\\/\\\/rambo.hr\\\/?s={search_term_string}\"},\"query-input\":{\"@type\":\"PropertyValueSpecification\",\"valueRequired\":true,\"valueName\":\"search_term_string\"}}],\"inLanguage\":\"hr\"},{\"@type\":\"Organization\",\"@id\":\"https:\\\/\\\/rambo.hr\\\/#organization\",\"name\":\"Speedboat transfers\",\"alternateName\":\"Rambo Taxi boat\",\"url\":\"https:\\\/\\\/rambo.hr\\\/\",\"logo\":{\"@type\":\"ImageObject\",\"inLanguage\":\"hr\",\"@id\":\"https:\\\/\\\/rambo.hr\\\/#\\\/schema\\\/logo\\\/image\\\/\",\"url\":\"https:\\\/\\\/rambo.hr\\\/wp-content\\\/uploads\\\/2023\\\/01\\\/logotip.png\",\"contentUrl\":\"https:\\\/\\\/rambo.hr\\\/wp-content\\\/uploads\\\/2023\\\/01\\\/logotip.png\",\"width\":493,\"height\":100,\"caption\":\"Speedboat transfers\"},\"image\":{\"@id\":\"https:\\\/\\\/rambo.hr\\\/#\\\/schema\\\/logo\\\/image\\\/\"}}]}<\/script>\n<!-- \/ Yoast SEO plugin. -->","yoast_head_json":{"title":"\u010cesto postavljana pitanja - Speedboat Transfers","robots":{"index":"index","follow":"follow","max-snippet":"max-snippet:-1","max-image-preview":"max-image-preview:large","max-video-preview":"max-video-preview:-1"},"canonical":"https:\/\/rambo.hr\/hr\/cesto-postavljana-pitanja\/","og_locale":"hr_HR","og_type":"article","og_title":"\u010cesto postavljana pitanja - Speedboat Transfers","og_description":"[vc_row][vc_column][\/vc_column][\/vc_row][vc_row][vc_column][vc_toggle title=&#8221;1. Kako do\u0107i do Hvara?&#8221;]Najbr\u017ei na\u010din je transfer gliserom. Nakon sto sletite na aerodrom i uzmete prtljagu za 1 sat i 10 min mo\u017eete ve\u0107 biti u hotelu na Hvaru.[\/vc_toggle][vc_toggle title=&#8221;2. Da li postoji jeftinija opcija?&#8221;]Postoji opcija koja je neznatno jeftinija a to je da kad sletite na aerodromu i uzmete prtljagu da putujete&hellip;","og_url":"https:\/\/rambo.hr\/hr\/cesto-postavljana-pitanja\/","og_site_name":"Speedboat Transfers","article_modified_time":"2023-01-29T00:31:53+00:00","og_image":[{"width":1240,"height":500,"url":"https:\/\/rambo.hr\/wp-content\/uploads\/revslider\/slide-1.jpg","type":"image\/jpeg"}],"schema":{"@context":"https:\/\/schema.org","@graph":[{"@type":"WebPage","@id":"https:\/\/rambo.hr\/hr\/cesto-postavljana-pitanja\/","url":"https:\/\/rambo.hr\/hr\/cesto-postavljana-pitanja\/","name":"\u010cesto postavljana pitanja - Speedboat Transfers","isPartOf":{"@id":"https:\/\/rambo.hr\/#website"},"datePublished":"2023-01-28T21:53:03+00:00","dateModified":"2023-01-29T00:31:53+00:00","breadcrumb":{"@id":"https:\/\/rambo.hr\/hr\/cesto-postavljana-pitanja\/#breadcrumb"},"inLanguage":"hr","potentialAction":[{"@type":"ReadAction","target":["https:\/\/rambo.hr\/hr\/cesto-postavljana-pitanja\/"]}]},{"@type":"BreadcrumbList","@id":"https:\/\/rambo.hr\/hr\/cesto-postavljana-pitanja\/#breadcrumb","itemListElement":[{"@type":"ListItem","position":1,"name":"Home","item":"https:\/\/rambo.hr\/hr\/"},{"@type":"ListItem","position":2,"name":"\u010cesto postavljana pitanja"}]},{"@type":"WebSite","@id":"https:\/\/rambo.hr\/#website","url":"https:\/\/rambo.hr\/","name":"Speedboat Transfers","description":"Taxi boat from Split Airport to Hvar town in 1 hour.","publisher":{"@id":"https:\/\/rambo.hr\/#organization"},"alternateName":"Rambo Taxi boat","potentialAction":[{"@type":"SearchAction","target":{"@type":"EntryPoint","urlTemplate":"https:\/\/rambo.hr\/?s={search_term_string}"},"query-input":{"@type":"PropertyValueSpecification","valueRequired":true,"valueName":"search_term_string"}}],"inLanguage":"hr"},{"@type":"Organization","@id":"https:\/\/rambo.hr\/#organization","name":"Speedboat transfers","alternateName":"Rambo Taxi boat","url":"https:\/\/rambo.hr\/","logo":{"@type":"ImageObject","inLanguage":"hr","@id":"https:\/\/rambo.hr\/#\/schema\/logo\/image\/","url":"https:\/\/rambo.hr\/wp-content\/uploads\/2023\/01\/logotip.png","contentUrl":"https:\/\/rambo.hr\/wp-content\/uploads\/2023\/01\/logotip.png","width":493,"height":100,"caption":"Speedboat transfers"},"image":{"@id":"https:\/\/rambo.hr\/#\/schema\/logo\/image\/"}}]}},"_links":{"self":[{"href":"https:\/\/rambo.hr\/hr\/wp-json\/wp\/v2\/pages\/807","targetHints":{"allow":["GET"]}}],"collection":[{"href":"https:\/\/rambo.hr\/hr\/wp-json\/wp\/v2\/pages"}],"about":[{"href":"https:\/\/rambo.hr\/hr\/wp-json\/wp\/v2\/types\/page"}],"author":[{"embeddable":true,"href":"https:\/\/rambo.hr\/hr\/wp-json\/wp\/v2\/users\/1"}],"replies":[{"embeddable":true,"href":"https:\/\/rambo.hr\/hr\/wp-json\/wp\/v2\/comments?post=807"}],"version-history":[{"count":2,"href":"https:\/\/rambo.hr\/hr\/wp-json\/wp\/v2\/pages\/807\/revisions"}],"predecessor-version":[{"id":809,"href":"https:\/\/rambo.hr\/hr\/wp-json\/wp\/v2\/pages\/807\/revisions\/809"}],"wp:attachment":[{"href":"https:\/\/rambo.hr\/hr\/wp-json\/wp\/v2\/media?parent=807"}],"curies":[{"name":"wp","href":"https:\/\/api.w.org\/{rel}","templated":true}]}}